{"id":2072,"date":"2018-05-17T19:04:42","date_gmt":"2018-05-17T15:04:42","guid":{"rendered":"https:\/\/www.enz-borrer.ch\/referenzen\/"},"modified":"2019-09-27T19:59:33","modified_gmt":"2019-09-27T17:59:33","slug":"references","status":"publish","type":"page","link":"https:\/\/www.enz-borrer.ch\/fr\/references\/","title":{"rendered":"R\u00e9f\u00e9rences"},"content":{"rendered":"<p> Reputable educational producing assistance is continually prepared to benefit college students with regards to their deliver the results. Get essay authored by specialist and skilled essay freelance writers <a href=\"https:\/\/www.masterpapers.com\/\">paper writers<\/a>. <\/p>\n<p> If you have to write down several paper on your finest finding out throughout university, really form \u00ab\u00a0essay author in addition to your issues will relieved by way of each of our composition crafting company <a href=\"https:\/\/www.masterpapers.com\/\">paper writers<\/a> .  <\/p>\n","protected":false},"excerpt":{"rendered":"<p>Reputable educational producing assistance is continually prepared to benefit college students with regards to their deliver the results. Get essay authored by specialist and skilled essay freelance writers paper writers. If you have to write down several paper on your finest finding out throughout university, really form \u00ab\u00a0essay author in addition to your issues will<a class=\"excerpt-read-more\" href=\"https:\/\/www.enz-borrer.ch\/fr\/references\/\" title=\"ReadR\u00e9f\u00e9rences\">&#8230; Read more &raquo;<\/a><\/p>\n","protected":false},"author":6,"featured_media":0,"parent":0,"menu_order":7,"comment_status":"closed","ping_status":"closed","template":"","meta":[],"acf":[],"yoast_head":"<!-- This site is optimized with the Yoast SEO plugin v18.5.1 - https:\/\/yoast.com\/wordpress\/plugins\/seo\/ -->\n<title>R\u00e9f\u00e9rences - Enz Borrer<\/title>\n<meta name=\"robots\" content=\"index, follow, max-snippet:-1, max-image-preview:large, max-video-preview:-1\" \/>\n<link rel=\"canonical\" href=\"https:\/\/www.enz-borrer.ch\/fr\/references\/\" \/>\n<meta property=\"og:locale\" content=\"fr_FR\" \/>\n<meta property=\"og:type\" content=\"article\" \/>\n<meta property=\"og:title\" content=\"R\u00e9f\u00e9rences - Enz Borrer\" \/>\n<meta property=\"og:description\" content=\"Reputable educational producing assistance is continually prepared to benefit college students with regards to their deliver the results. Get essay authored by specialist and skilled essay freelance writers paper writers. If you have to write down several paper on your finest finding out throughout university, really form \u00ab\u00a0essay author in addition to your issues will... Read more &raquo;\" \/>\n<meta property=\"og:url\" content=\"https:\/\/www.enz-borrer.ch\/fr\/references\/\" \/>\n<meta property=\"og:site_name\" content=\"Enz Borrer\" \/>\n<meta property=\"article:modified_time\" content=\"2019-09-27T17:59:33+00:00\" \/>\n<meta name=\"twitter:card\" content=\"summary_large_image\" \/>\n<script type=\"application\/ld+json\" class=\"yoast-schema-graph\">{\"@context\":\"https:\/\/schema.org\",\"@graph\":[{\"@type\":\"WebSite\",\"@id\":\"https:\/\/www.enz-borrer.ch\/#website\",\"url\":\"https:\/\/www.enz-borrer.ch\/\",\"name\":\"Enz Borrer\",\"description\":\"Hochwertige Pfl\u00e4sterungen, Bel\u00e4ge und Natursteine f\u00fcr den Innen- und Aussenbereich.\",\"potentialAction\":[{\"@type\":\"SearchAction\",\"target\":{\"@type\":\"EntryPoint\",\"urlTemplate\":\"https:\/\/www.enz-borrer.ch\/?s={search_term_string}\"},\"query-input\":\"required name=search_term_string\"}],\"inLanguage\":\"fr-FR\"},{\"@type\":\"WebPage\",\"@id\":\"https:\/\/www.enz-borrer.ch\/fr\/references\/#webpage\",\"url\":\"https:\/\/www.enz-borrer.ch\/fr\/references\/\",\"name\":\"R\u00e9f\u00e9rences - Enz Borrer\",\"isPartOf\":{\"@id\":\"https:\/\/www.enz-borrer.ch\/#website\"},\"datePublished\":\"2018-05-17T15:04:42+00:00\",\"dateModified\":\"2019-09-27T17:59:33+00:00\",\"breadcrumb\":{\"@id\":\"https:\/\/www.enz-borrer.ch\/fr\/references\/#breadcrumb\"},\"inLanguage\":\"fr-FR\",\"potentialAction\":[{\"@type\":\"ReadAction\",\"target\":[\"https:\/\/www.enz-borrer.ch\/fr\/references\/\"]}]},{\"@type\":\"BreadcrumbList\",\"@id\":\"https:\/\/www.enz-borrer.ch\/fr\/references\/#breadcrumb\",\"itemListElement\":[{\"@type\":\"ListItem\",\"position\":1,\"name\":\"Startseite\",\"item\":\"https:\/\/www.enz-borrer.ch\/fr\/\"},{\"@type\":\"ListItem\",\"position\":2,\"name\":\"R\u00e9f\u00e9rences\"}]}]}<\/script>\n<!-- \/ Yoast SEO plugin. -->","yoast_head_json":{"title":"R\u00e9f\u00e9rences - Enz Borrer","robots":{"index":"index","follow":"follow","max-snippet":"max-snippet:-1","max-image-preview":"max-image-preview:large","max-video-preview":"max-video-preview:-1"},"canonical":"https:\/\/www.enz-borrer.ch\/fr\/references\/","og_locale":"fr_FR","og_type":"article","og_title":"R\u00e9f\u00e9rences - Enz Borrer","og_description":"Reputable educational producing assistance is continually prepared to benefit college students with regards to their deliver the results. Get essay authored by specialist and skilled essay freelance writers paper writers. If you have to write down several paper on your finest finding out throughout university, really form \u00ab\u00a0essay author in addition to your issues will... Read more &raquo;","og_url":"https:\/\/www.enz-borrer.ch\/fr\/references\/","og_site_name":"Enz Borrer","article_modified_time":"2019-09-27T17:59:33+00:00","twitter_card":"summary_large_image","schema":{"@context":"https:\/\/schema.org","@graph":[{"@type":"WebSite","@id":"https:\/\/www.enz-borrer.ch\/#website","url":"https:\/\/www.enz-borrer.ch\/","name":"Enz Borrer","description":"Hochwertige Pfl\u00e4sterungen, Bel\u00e4ge und Natursteine f\u00fcr den Innen- und Aussenbereich.","potentialAction":[{"@type":"SearchAction","target":{"@type":"EntryPoint","urlTemplate":"https:\/\/www.enz-borrer.ch\/?s={search_term_string}"},"query-input":"required name=search_term_string"}],"inLanguage":"fr-FR"},{"@type":"WebPage","@id":"https:\/\/www.enz-borrer.ch\/fr\/references\/#webpage","url":"https:\/\/www.enz-borrer.ch\/fr\/references\/","name":"R\u00e9f\u00e9rences - Enz Borrer","isPartOf":{"@id":"https:\/\/www.enz-borrer.ch\/#website"},"datePublished":"2018-05-17T15:04:42+00:00","dateModified":"2019-09-27T17:59:33+00:00","breadcrumb":{"@id":"https:\/\/www.enz-borrer.ch\/fr\/references\/#breadcrumb"},"inLanguage":"fr-FR","potentialAction":[{"@type":"ReadAction","target":["https:\/\/www.enz-borrer.ch\/fr\/references\/"]}]},{"@type":"BreadcrumbList","@id":"https:\/\/www.enz-borrer.ch\/fr\/references\/#breadcrumb","itemListElement":[{"@type":"ListItem","position":1,"name":"Startseite","item":"https:\/\/www.enz-borrer.ch\/fr\/"},{"@type":"ListItem","position":2,"name":"R\u00e9f\u00e9rences"}]}]}},"_links":{"self":[{"href":"https:\/\/www.enz-borrer.ch\/fr\/wp-json\/wp\/v2\/pages\/2072"}],"collection":[{"href":"https:\/\/www.enz-borrer.ch\/fr\/wp-json\/wp\/v2\/pages"}],"about":[{"href":"https:\/\/www.enz-borrer.ch\/fr\/wp-json\/wp\/v2\/types\/page"}],"author":[{"embeddable":true,"href":"https:\/\/www.enz-borrer.ch\/fr\/wp-json\/wp\/v2\/users\/6"}],"replies":[{"embeddable":true,"href":"https:\/\/www.enz-borrer.ch\/fr\/wp-json\/wp\/v2\/comments?post=2072"}],"version-history":[{"count":4,"href":"https:\/\/www.enz-borrer.ch\/fr\/wp-json\/wp\/v2\/pages\/2072\/revisions"}],"predecessor-version":[{"id":6595,"href":"https:\/\/www.enz-borrer.ch\/fr\/wp-json\/wp\/v2\/pages\/2072\/revisions\/6595"}],"wp:attachment":[{"href":"https:\/\/www.enz-borrer.ch\/fr\/wp-json\/wp\/v2\/media?parent=2072"}],"curies":[{"name":"wp","href":"https:\/\/api.w.org\/{rel}","templated":true}]}}