{"id":1893,"date":"2014-10-30T17:41:40","date_gmt":"2014-10-30T13:41:40","guid":{"rendered":"https:\/\/www.enz-borrer.ch\/pflaesterungen\/mosaikpflaesterung\/"},"modified":"2019-09-07T01:40:12","modified_gmt":"2019-09-06T23:40:12","slug":"ornement-pavage-en-mosaik","status":"publish","type":"page","link":"https:\/\/www.enz-borrer.ch\/fr\/pavages\/ornement-pavage-en-mosaik\/","title":{"rendered":"Ornement \/ Pavage en mosa\u00efk"},"content":{"rendered":"<p> Would you understand what to incorporate into your Over the internet Editor go back to? See numerous Internet based Editor go back to illustrations to know the perfect structure, verbs, and fonts to apply <a href=\"https:\/\/aussieessaywriter.com.au\/\">term paper writers<\/a>. <\/p>\n<p><a href=\"https:\/\/www.enz-borrer.ch\/wp-content\/uploads\/2014\/10\/20160620_113642.jpg\"><img loading=\"lazy\" class=\"alignnone size-thumbnail wp-image-1505\" src=\"https:\/\/www.enz-borrer.ch\/wp-content\/uploads\/2014\/10\/20160620_113642-150x150.jpg\" alt=\"20160620_113642\" width=\"150\" height=\"150\" srcset=\"https:\/\/www.enz-borrer.ch\/wp-content\/uploads\/sites\/14\/2014\/10\/20160620_113642-150x150.jpg 150w, https:\/\/www.enz-borrer.ch\/wp-content\/uploads\/sites\/14\/2014\/10\/20160620_113642-200x200.jpg 200w, https:\/\/www.enz-borrer.ch\/wp-content\/uploads\/sites\/14\/2014\/10\/20160620_113642-400x400.jpg 400w, https:\/\/www.enz-borrer.ch\/wp-content\/uploads\/sites\/14\/2014\/10\/20160620_113642-800x800.jpg 800w\" sizes=\"(max-width: 150px) 100vw, 150px\" \/><\/a><a href=\"https:\/\/www.enz-borrer.ch\/wp-content\/uploads\/2014\/10\/Bild-793.jpg\"><img loading=\"lazy\" class=\"size-thumbnail wp-image-440\" src=\"https:\/\/www.enz-borrer.ch\/wp-content\/uploads\/2014\/10\/Bild-793-150x150.jpg\" alt=\"Mosaikpfl\u00e4sterung 1\" width=\"150\" height=\"150\" \/><\/a>\u00a0<a href=\"https:\/\/www.enz-borrer.ch\/wp-content\/uploads\/2014\/11\/Gemeindewappen-Le-S\u00e9pey.jpg\"><img loading=\"lazy\" class=\"alignnone size-thumbnail wp-image-577\" src=\"https:\/\/www.enz-borrer.ch\/wp-content\/uploads\/2014\/11\/Gemeindewappen-Le-S\u00e9pey-150x150.jpg\" alt=\"Gemeindewappen Le S\u00e9pey\" width=\"150\" height=\"150\" srcset=\"https:\/\/www.enz-borrer.ch\/wp-content\/uploads\/sites\/14\/2014\/11\/Gemeindewappen-Le-S\u00e9pey-150x150.jpg 150w, https:\/\/www.enz-borrer.ch\/wp-content\/uploads\/sites\/14\/2014\/11\/Gemeindewappen-Le-S\u00e9pey-200x200.jpg 200w, https:\/\/www.enz-borrer.ch\/wp-content\/uploads\/sites\/14\/2014\/11\/Gemeindewappen-Le-S\u00e9pey-400x400.jpg 400w, https:\/\/www.enz-borrer.ch\/wp-content\/uploads\/sites\/14\/2014\/11\/Gemeindewappen-Le-S\u00e9pey-800x800.jpg 800w\" sizes=\"(max-width: 150px) 100vw, 150px\" \/><\/a><a href=\"https:\/\/www.enz-borrer.ch\/wp-content\/uploads\/2014\/11\/Schuppenpfl\u00e4sterung-Bern.jpg\">\u00a0<\/a><a href=\"https:\/\/www.enz-borrer.ch\/wp-content\/uploads\/2014\/11\/ornament.jpg\"><img loading=\"lazy\" class=\"alignnone size-thumbnail wp-image-742\" src=\"https:\/\/www.enz-borrer.ch\/wp-content\/uploads\/2014\/11\/ornament-150x150.jpg\" alt=\"ornament\" width=\"150\" height=\"150\" srcset=\"https:\/\/www.enz-borrer.ch\/wp-content\/uploads\/sites\/14\/2014\/11\/ornament-150x150.jpg 150w, https:\/\/www.enz-borrer.ch\/wp-content\/uploads\/sites\/14\/2014\/11\/ornament-200x200.jpg 200w, https:\/\/www.enz-borrer.ch\/wp-content\/uploads\/sites\/14\/2014\/11\/ornament-400x400.jpg 400w\" sizes=\"(max-width: 150px) 100vw, 150px\" \/><\/a><a href=\"https:\/\/www.enz-borrer.ch\/wp-content\/uploads\/2014\/11\/Schuppenpfl\u00e4sterung-Bern.jpg\">\u00a0<\/a><a href=\"https:\/\/www.enz-borrer.ch\/wp-content\/uploads\/2014\/11\/ornament-1.jpg\"><img loading=\"lazy\" class=\"alignnone size-thumbnail wp-image-740\" src=\"https:\/\/www.enz-borrer.ch\/wp-content\/uploads\/2014\/11\/ornament-1-150x150.jpg\" alt=\"ornament 1\" width=\"150\" height=\"150\" srcset=\"https:\/\/www.enz-borrer.ch\/wp-content\/uploads\/sites\/14\/2014\/11\/ornament-1-150x150.jpg 150w, https:\/\/www.enz-borrer.ch\/wp-content\/uploads\/sites\/14\/2014\/11\/ornament-1-200x200.jpg 200w, https:\/\/www.enz-borrer.ch\/wp-content\/uploads\/sites\/14\/2014\/11\/ornament-1-400x400.jpg 400w\" sizes=\"(max-width: 150px) 100vw, 150px\" \/><\/a>\u00a0<a href=\"https:\/\/www.enz-borrer.ch\/wp-content\/uploads\/2014\/11\/58A9913.jpg\"><img loading=\"lazy\" class=\"alignnone wp-image-1198 size-thumbnail\" src=\"https:\/\/www.enz-borrer.ch\/wp-content\/uploads\/2014\/11\/58A9913-150x150.jpg\" alt=\"_58A9913\" width=\"150\" height=\"150\" srcset=\"https:\/\/www.enz-borrer.ch\/wp-content\/uploads\/sites\/14\/2014\/11\/58A9913-150x150.jpg 150w, https:\/\/www.enz-borrer.ch\/wp-content\/uploads\/sites\/14\/2014\/11\/58A9913-200x200.jpg 200w, https:\/\/www.enz-borrer.ch\/wp-content\/uploads\/sites\/14\/2014\/11\/58A9913-400x400.jpg 400w, https:\/\/www.enz-borrer.ch\/wp-content\/uploads\/sites\/14\/2014\/11\/58A9913-800x800.jpg 800w\" sizes=\"(max-width: 150px) 100vw, 150px\" \/><\/a><\/p>\n<p><a href=\"https:\/\/www.enz-borrer.ch\/wp-content\/uploads\/2014\/11\/ornament-3.jpg\"><img loading=\"lazy\" class=\"alignnone size-thumbnail wp-image-745\" src=\"https:\/\/www.enz-borrer.ch\/wp-content\/uploads\/2014\/11\/ornament-3-150x150.jpg\" alt=\"ornament 3\" width=\"150\" height=\"150\" srcset=\"https:\/\/www.enz-borrer.ch\/wp-content\/uploads\/sites\/14\/2014\/11\/ornament-3-150x150.jpg 150w, https:\/\/www.enz-borrer.ch\/wp-content\/uploads\/sites\/14\/2014\/11\/ornament-3-200x200.jpg 200w, https:\/\/www.enz-borrer.ch\/wp-content\/uploads\/sites\/14\/2014\/11\/ornament-3-400x400.jpg 400w\" sizes=\"(max-width: 150px) 100vw, 150px\" \/><\/a>\u00a0<a href=\"https:\/\/www.enz-borrer.ch\/wp-content\/uploads\/2014\/11\/mosaik11.jpg\"><img loading=\"lazy\" class=\"alignnone size-thumbnail wp-image-748\" src=\"https:\/\/www.enz-borrer.ch\/wp-content\/uploads\/2014\/11\/mosaik11-150x150.jpg\" alt=\"mosaik11\" width=\"150\" height=\"150\" srcset=\"https:\/\/www.enz-borrer.ch\/wp-content\/uploads\/sites\/14\/2014\/11\/mosaik11-150x150.jpg 150w, https:\/\/www.enz-borrer.ch\/wp-content\/uploads\/sites\/14\/2014\/11\/mosaik11-200x200.jpg 200w, https:\/\/www.enz-borrer.ch\/wp-content\/uploads\/sites\/14\/2014\/11\/mosaik11-400x400.jpg 400w\" sizes=\"(max-width: 150px) 100vw, 150px\" \/><\/a>\u00a0<a href=\"https:\/\/www.enz-borrer.ch\/wp-content\/uploads\/2014\/11\/Mosaik-Dorfplatz-St-Prex-1.jpg\"><img loading=\"lazy\" class=\"alignnone size-thumbnail wp-image-835\" src=\"https:\/\/www.enz-borrer.ch\/wp-content\/uploads\/2014\/11\/Mosaik-Dorfplatz-St-Prex-1-150x150.jpg\" alt=\"Mosaik Dorfplatz St-Prex 1\" width=\"150\" height=\"150\" srcset=\"https:\/\/www.enz-borrer.ch\/wp-content\/uploads\/sites\/14\/2014\/11\/Mosaik-Dorfplatz-St-Prex-1-150x150.jpg 150w, https:\/\/www.enz-borrer.ch\/wp-content\/uploads\/sites\/14\/2014\/11\/Mosaik-Dorfplatz-St-Prex-1-200x200.jpg 200w, https:\/\/www.enz-borrer.ch\/wp-content\/uploads\/sites\/14\/2014\/11\/Mosaik-Dorfplatz-St-Prex-1-400x400.jpg 400w, https:\/\/www.enz-borrer.ch\/wp-content\/uploads\/sites\/14\/2014\/11\/Mosaik-Dorfplatz-St-Prex-1-800x800.jpg 800w\" sizes=\"(max-width: 150px) 100vw, 150px\" \/><\/a> <a href=\"https:\/\/www.enz-borrer.ch\/wp-content\/uploads\/2014\/11\/58A9365.jpg\"><img loading=\"lazy\" class=\"alignnone wp-image-1208 size-thumbnail\" src=\"https:\/\/www.enz-borrer.ch\/wp-content\/uploads\/2014\/11\/58A9365-150x150.jpg\" alt=\"_58A9365\" width=\"150\" height=\"150\" srcset=\"https:\/\/www.enz-borrer.ch\/wp-content\/uploads\/sites\/14\/2014\/11\/58A9365-150x150.jpg 150w, https:\/\/www.enz-borrer.ch\/wp-content\/uploads\/sites\/14\/2014\/11\/58A9365-200x200.jpg 200w, https:\/\/www.enz-borrer.ch\/wp-content\/uploads\/sites\/14\/2014\/11\/58A9365-400x400.jpg 400w, https:\/\/www.enz-borrer.ch\/wp-content\/uploads\/sites\/14\/2014\/11\/58A9365-800x800.jpg 800w\" sizes=\"(max-width: 150px) 100vw, 150px\" \/><\/a>\u00a0<a href=\"https:\/\/www.enz-borrer.ch\/wp-content\/uploads\/2014\/11\/58A9909.jpg\"><img loading=\"lazy\" class=\"alignnone wp-image-1212 size-thumbnail\" src=\"https:\/\/www.enz-borrer.ch\/wp-content\/uploads\/2014\/11\/58A9909-150x150.jpg\" alt=\"_58A9909\" width=\"150\" height=\"150\" srcset=\"https:\/\/www.enz-borrer.ch\/wp-content\/uploads\/sites\/14\/2014\/11\/58A9909-150x150.jpg 150w, https:\/\/www.enz-borrer.ch\/wp-content\/uploads\/sites\/14\/2014\/11\/58A9909-200x200.jpg 200w, https:\/\/www.enz-borrer.ch\/wp-content\/uploads\/sites\/14\/2014\/11\/58A9909-400x400.jpg 400w, https:\/\/www.enz-borrer.ch\/wp-content\/uploads\/sites\/14\/2014\/11\/58A9909-800x800.jpg 800w\" sizes=\"(max-width: 150px) 100vw, 150px\" \/><\/a><\/p>\n","protected":false},"excerpt":{"rendered":"<p>Would you understand what to incorporate into your Over the internet Editor go back to? See numerous Internet based Editor go back to illustrations to know the perfect structure, verbs, and fonts to apply term paper writers. \u00a0\u00a0\u00a0\u00a0 \u00a0\u00a0 \u00a0<\/p>\n","protected":false},"author":5,"featured_media":0,"parent":1887,"menu_order":7,"comment_status":"open","ping_status":"open","template":"","meta":[],"acf":[],"yoast_head":"<!-- This site is optimized with the Yoast SEO plugin v18.5.1 - https:\/\/yoast.com\/wordpress\/plugins\/seo\/ -->\n<title>Ornement \/ Pavage en mosa\u00efk - Enz Borrer<\/title>\n<meta name=\"robots\" content=\"index, follow, max-snippet:-1, max-image-preview:large, max-video-preview:-1\" \/>\n<link rel=\"canonical\" href=\"https:\/\/www.enz-borrer.ch\/fr\/pavages\/ornement-pavage-en-mosaik\/\" \/>\n<meta property=\"og:locale\" content=\"fr_FR\" \/>\n<meta property=\"og:type\" content=\"article\" \/>\n<meta property=\"og:title\" content=\"Ornement \/ Pavage en mosa\u00efk - Enz Borrer\" \/>\n<meta property=\"og:description\" content=\"Would you understand what to incorporate into your Over the internet Editor go back to? See numerous Internet based Editor go back to illustrations to know the perfect structure, verbs, and fonts to apply term paper writers. \u00a0\u00a0\u00a0\u00a0 \u00a0\u00a0 \u00a0\" \/>\n<meta property=\"og:url\" content=\"https:\/\/www.enz-borrer.ch\/fr\/pavages\/ornement-pavage-en-mosaik\/\" \/>\n<meta property=\"og:site_name\" content=\"Enz Borrer\" \/>\n<meta property=\"article:modified_time\" content=\"2019-09-06T23:40:12+00:00\" \/>\n<meta property=\"og:image\" content=\"https:\/\/www.enz-borrer.ch\/wp-content\/uploads\/2014\/10\/20160620_113642-150x150.jpg\" \/>\n<meta name=\"twitter:card\" content=\"summary_large_image\" \/>\n<script type=\"application\/ld+json\" class=\"yoast-schema-graph\">{\"@context\":\"https:\/\/schema.org\",\"@graph\":[{\"@type\":\"WebSite\",\"@id\":\"https:\/\/www.enz-borrer.ch\/#website\",\"url\":\"https:\/\/www.enz-borrer.ch\/\",\"name\":\"Enz Borrer\",\"description\":\"Hochwertige Pfl\u00e4sterungen, Bel\u00e4ge und Natursteine f\u00fcr den Innen- und Aussenbereich.\",\"potentialAction\":[{\"@type\":\"SearchAction\",\"target\":{\"@type\":\"EntryPoint\",\"urlTemplate\":\"https:\/\/www.enz-borrer.ch\/?s={search_term_string}\"},\"query-input\":\"required name=search_term_string\"}],\"inLanguage\":\"fr-FR\"},{\"@type\":\"ImageObject\",\"@id\":\"https:\/\/www.enz-borrer.ch\/fr\/pavages\/ornement-pavage-en-mosaik\/#primaryimage\",\"inLanguage\":\"fr-FR\",\"url\":\"https:\/\/www.enz-borrer.ch\/wp-content\/uploads\/2014\/10\/20160620_113642-150x150.jpg\",\"contentUrl\":\"https:\/\/www.enz-borrer.ch\/wp-content\/uploads\/2014\/10\/20160620_113642-150x150.jpg\"},{\"@type\":\"WebPage\",\"@id\":\"https:\/\/www.enz-borrer.ch\/fr\/pavages\/ornement-pavage-en-mosaik\/#webpage\",\"url\":\"https:\/\/www.enz-borrer.ch\/fr\/pavages\/ornement-pavage-en-mosaik\/\",\"name\":\"Ornement \/ Pavage en mosa\u00efk - Enz Borrer\",\"isPartOf\":{\"@id\":\"https:\/\/www.enz-borrer.ch\/#website\"},\"primaryImageOfPage\":{\"@id\":\"https:\/\/www.enz-borrer.ch\/fr\/pavages\/ornement-pavage-en-mosaik\/#primaryimage\"},\"datePublished\":\"2014-10-30T13:41:40+00:00\",\"dateModified\":\"2019-09-06T23:40:12+00:00\",\"breadcrumb\":{\"@id\":\"https:\/\/www.enz-borrer.ch\/fr\/pavages\/ornement-pavage-en-mosaik\/#breadcrumb\"},\"inLanguage\":\"fr-FR\",\"potentialAction\":[{\"@type\":\"ReadAction\",\"target\":[\"https:\/\/www.enz-borrer.ch\/fr\/pavages\/ornement-pavage-en-mosaik\/\"]}]},{\"@type\":\"BreadcrumbList\",\"@id\":\"https:\/\/www.enz-borrer.ch\/fr\/pavages\/ornement-pavage-en-mosaik\/#breadcrumb\",\"itemListElement\":[{\"@type\":\"ListItem\",\"position\":1,\"name\":\"Startseite\",\"item\":\"https:\/\/www.enz-borrer.ch\/fr\/\"},{\"@type\":\"ListItem\",\"position\":2,\"name\":\"Pavages\",\"item\":\"https:\/\/www.enz-borrer.ch\/fr\/pavages\/\"},{\"@type\":\"ListItem\",\"position\":3,\"name\":\"Ornement \/ Pavage en mosa\u00efk\"}]}]}<\/script>\n<!-- \/ Yoast SEO plugin. -->","yoast_head_json":{"title":"Ornement \/ Pavage en mosa\u00efk - Enz Borrer","robots":{"index":"index","follow":"follow","max-snippet":"max-snippet:-1","max-image-preview":"max-image-preview:large","max-video-preview":"max-video-preview:-1"},"canonical":"https:\/\/www.enz-borrer.ch\/fr\/pavages\/ornement-pavage-en-mosaik\/","og_locale":"fr_FR","og_type":"article","og_title":"Ornement \/ Pavage en mosa\u00efk - Enz Borrer","og_description":"Would you understand what to incorporate into your Over the internet Editor go back to? See numerous Internet based Editor go back to illustrations to know the perfect structure, verbs, and fonts to apply term paper writers. \u00a0\u00a0\u00a0\u00a0 \u00a0\u00a0 \u00a0","og_url":"https:\/\/www.enz-borrer.ch\/fr\/pavages\/ornement-pavage-en-mosaik\/","og_site_name":"Enz Borrer","article_modified_time":"2019-09-06T23:40:12+00:00","og_image":[{"url":"https:\/\/www.enz-borrer.ch\/wp-content\/uploads\/2014\/10\/20160620_113642-150x150.jpg"}],"twitter_card":"summary_large_image","schema":{"@context":"https:\/\/schema.org","@graph":[{"@type":"WebSite","@id":"https:\/\/www.enz-borrer.ch\/#website","url":"https:\/\/www.enz-borrer.ch\/","name":"Enz Borrer","description":"Hochwertige Pfl\u00e4sterungen, Bel\u00e4ge und Natursteine f\u00fcr den Innen- und Aussenbereich.","potentialAction":[{"@type":"SearchAction","target":{"@type":"EntryPoint","urlTemplate":"https:\/\/www.enz-borrer.ch\/?s={search_term_string}"},"query-input":"required name=search_term_string"}],"inLanguage":"fr-FR"},{"@type":"ImageObject","@id":"https:\/\/www.enz-borrer.ch\/fr\/pavages\/ornement-pavage-en-mosaik\/#primaryimage","inLanguage":"fr-FR","url":"https:\/\/www.enz-borrer.ch\/wp-content\/uploads\/2014\/10\/20160620_113642-150x150.jpg","contentUrl":"https:\/\/www.enz-borrer.ch\/wp-content\/uploads\/2014\/10\/20160620_113642-150x150.jpg"},{"@type":"WebPage","@id":"https:\/\/www.enz-borrer.ch\/fr\/pavages\/ornement-pavage-en-mosaik\/#webpage","url":"https:\/\/www.enz-borrer.ch\/fr\/pavages\/ornement-pavage-en-mosaik\/","name":"Ornement \/ Pavage en mosa\u00efk - Enz Borrer","isPartOf":{"@id":"https:\/\/www.enz-borrer.ch\/#website"},"primaryImageOfPage":{"@id":"https:\/\/www.enz-borrer.ch\/fr\/pavages\/ornement-pavage-en-mosaik\/#primaryimage"},"datePublished":"2014-10-30T13:41:40+00:00","dateModified":"2019-09-06T23:40:12+00:00","breadcrumb":{"@id":"https:\/\/www.enz-borrer.ch\/fr\/pavages\/ornement-pavage-en-mosaik\/#breadcrumb"},"inLanguage":"fr-FR","potentialAction":[{"@type":"ReadAction","target":["https:\/\/www.enz-borrer.ch\/fr\/pavages\/ornement-pavage-en-mosaik\/"]}]},{"@type":"BreadcrumbList","@id":"https:\/\/www.enz-borrer.ch\/fr\/pavages\/ornement-pavage-en-mosaik\/#breadcrumb","itemListElement":[{"@type":"ListItem","position":1,"name":"Startseite","item":"https:\/\/www.enz-borrer.ch\/fr\/"},{"@type":"ListItem","position":2,"name":"Pavages","item":"https:\/\/www.enz-borrer.ch\/fr\/pavages\/"},{"@type":"ListItem","position":3,"name":"Ornement \/ Pavage en mosa\u00efk"}]}]}},"_links":{"self":[{"href":"https:\/\/www.enz-borrer.ch\/fr\/wp-json\/wp\/v2\/pages\/1893"}],"collection":[{"href":"https:\/\/www.enz-borrer.ch\/fr\/wp-json\/wp\/v2\/pages"}],"about":[{"href":"https:\/\/www.enz-borrer.ch\/fr\/wp-json\/wp\/v2\/types\/page"}],"author":[{"embeddable":true,"href":"https:\/\/www.enz-borrer.ch\/fr\/wp-json\/wp\/v2\/users\/5"}],"replies":[{"embeddable":true,"href":"https:\/\/www.enz-borrer.ch\/fr\/wp-json\/wp\/v2\/comments?post=1893"}],"version-history":[{"count":4,"href":"https:\/\/www.enz-borrer.ch\/fr\/wp-json\/wp\/v2\/pages\/1893\/revisions"}],"predecessor-version":[{"id":4597,"href":"https:\/\/www.enz-borrer.ch\/fr\/wp-json\/wp\/v2\/pages\/1893\/revisions\/4597"}],"up":[{"embeddable":true,"href":"https:\/\/www.enz-borrer.ch\/fr\/wp-json\/wp\/v2\/pages\/1887"}],"wp:attachment":[{"href":"https:\/\/www.enz-borrer.ch\/fr\/wp-json\/wp\/v2\/media?parent=1893"}],"curies":[{"name":"wp","href":"https:\/\/api.w.org\/{rel}","templated":true}]}}